{"id":4270,"date":"2024-01-16T17:08:28","date_gmt":"2024-01-16T17:08:28","guid":{"rendered":"https:\/\/17tons.earth\/contattaci\/"},"modified":"2025-08-26T09:03:38","modified_gmt":"2025-08-26T09:03:38","slug":"contact-us","status":"publish","type":"page","link":"https:\/\/17tons.earth\/it\/contact-us\/","title":{"rendered":"Contattaci"},"content":{"rendered":"\t\t<div data-elementor-type=\"wp-page\" data-elementor-id=\"4270\" class=\"elementor elementor-4270 elementor-3722\" data-elementor-post-type=\"page\">\n\t\t\t\t<div class=\"elementor-element elementor-element-5982aba animated-fast e-flex e-con-boxed e-con e-parent\" data-id=\"5982aba\" data-element_type=\"container\" data-settings=\"{&quot;background_background&quot;:&quot;classic&quot;,&quot;animation&quot;:&quot;none&quot;}\">\n\t\t\t\t\t<div class=\"e-con-inner\">\n\t\t<div class=\"elementor-element elementor-element-460f14e e-flex e-con-boxed e-con e-child\" data-id=\"460f14e\" data-element_type=\"container\">\n\t\t\t\t\t<div class=\"e-con-inner\">\n\t\t\t\t<div class=\"elementor-element elementor-element-036ed39 elementor-hidden-desktop elementor-hidden-tablet elementor-hidden-mobile elementor-widget elementor-widget-theme-site-logo elementor-widget-image\" data-id=\"036ed39\" data-element_type=\"widget\" data-widget_type=\"theme-site-logo.default\">\n\t\t\t\t<div class=\"elementor-widget-container\">\n\t\t\t\t\t\t\t\t\t\t\t<a href=\"https:\/\/17tons.earth\/it\/\">\n\t\t\t<img fetchpriority=\"high\" decoding=\"async\" width=\"500\" height=\"150\" src=\"https:\/\/17tons.earth\/wp-content\/uploads\/2023\/10\/cropped-17-tons-logo.png\" class=\"attachment-full size-full wp-image-673\" alt=\"\" srcset=\"https:\/\/17tons.earth\/wp-content\/uploads\/2023\/10\/cropped-17-tons-logo.png 500w, https:\/\/17tons.earth\/wp-content\/uploads\/2023\/10\/cropped-17-tons-logo-300x90.png 300w\" sizes=\"(max-width: 500px) 100vw, 500px\" \/>\t\t\t\t<\/a>\n\t\t\t\t\t\t\t\t\t\t\t<\/div>\n\t\t\t\t<\/div>\n\t\t\t\t<div class=\"elementor-element elementor-element-cea7f23 elementor-widget__width-initial elementor-widget elementor-widget-heading\" data-id=\"cea7f23\" data-element_type=\"widget\" data-widget_type=\"heading.default\">\n\t\t\t\t<div class=\"elementor-widget-container\">\n\t\t\t\t\t<h1 class=\"elementor-heading-title elementor-size-default\">Contattaci<\/h1>\t\t\t\t<\/div>\n\t\t\t\t<\/div>\n\t\t\t\t\t<\/div>\n\t\t\t\t<\/div>\n\t\t<div class=\"elementor-element elementor-element-5b0682c e-flex e-con-boxed e-con e-child\" data-id=\"5b0682c\" data-element_type=\"container\">\n\t\t\t\t\t<div class=\"e-con-inner\">\n\t\t<div class=\"elementor-element elementor-element-25fe2776 e-flex e-con-boxed e-con e-child\" data-id=\"25fe2776\" data-element_type=\"container\" data-settings=\"{&quot;background_background&quot;:&quot;classic&quot;}\">\n\t\t\t\t\t<div class=\"e-con-inner\">\n\t\t<div class=\"elementor-element elementor-element-120ea74 e-flex e-con-boxed e-con e-child\" data-id=\"120ea74\" data-element_type=\"container\">\n\t\t\t\t\t<div class=\"e-con-inner\">\n\t\t\t\t<div class=\"elementor-element elementor-element-2445d3a8 elementor-hidden-desktop elementor-hidden-tablet elementor-hidden-mobile elementor-widget elementor-widget-heading\" data-id=\"2445d3a8\" data-element_type=\"widget\" data-widget_type=\"heading.default\">\n\t\t\t\t<div class=\"elementor-widget-container\">\n\t\t\t\t\t<p class=\"elementor-heading-title elementor-size-default\">Contattaci<\/p>\t\t\t\t<\/div>\n\t\t\t\t<\/div>\n\t\t\t\t<div class=\"elementor-element elementor-element-5c4f9a37 elementor-widget elementor-widget-heading\" data-id=\"5c4f9a37\" data-element_type=\"widget\" data-widget_type=\"heading.default\">\n\t\t\t\t<div class=\"elementor-widget-container\">\n\t\t\t\t\t<h2 class=\"elementor-heading-title elementor-size-default\">Che tu stia cercando una nuova sfida professionale, un partner tecnologico o una soluzione per monitorare il tuo progetto ambientale, raccontaci in poche righe chi sei e cosa ti serve: il team di 17tons ti risponder\u00e0 al pi\u00f9 presto.<\/h2>\t\t\t\t<\/div>\n\t\t\t\t<\/div>\n\t\t\t\t\t<\/div>\n\t\t\t\t<\/div>\n\t\t\t\t<div class=\"elementor-element elementor-element-86dae5c elementor-button-align-end elementor-widget elementor-widget-global elementor-global-4274 elementor-global-3733 elementor-widget-form\" data-id=\"86dae5c\" data-element_type=\"widget\" data-settings=\"{&quot;step_next_label&quot;:&quot;Dopo&quot;,&quot;step_previous_label&quot;:&quot;Prima&quot;,&quot;button_width&quot;:&quot;100&quot;,&quot;step_type&quot;:&quot;number_text&quot;,&quot;step_icon_shape&quot;:&quot;circle&quot;}\" data-widget_type=\"form.default\">\n\t\t\t\t<div class=\"elementor-widget-container\">\n\t\t\t\t\t\t\t<form class=\"elementor-form\" method=\"post\" name=\"Form di contatto\">\n\t\t\t<input type=\"hidden\" name=\"post_id\" value=\"4270\"\/>\n\t\t\t<input type=\"hidden\" name=\"form_id\" value=\"86dae5c\"\/>\n\t\t\t<input type=\"hidden\" name=\"referer_title\" value=\"17tons\" \/>\n\n\t\t\t\n\t\t\t<div class=\"elementor-form-fields-wrapper elementor-labels-\">\n\t\t\t\t\t\t\t\t<div class=\"elementor-field-type-text elementor-field-group elementor-column elementor-field-group-name elementor-col-100\">\n\t\t\t\t\t\t\t\t\t\t\t\t<label for=\"form-field-name\" class=\"elementor-field-label elementor-screen-only\">\n\t\t\t\t\t\t\t\tNome\t\t\t\t\t\t\t<\/label>\n\t\t\t\t\t\t\t\t\t\t\t\t\t\t<input size=\"1\" type=\"text\" name=\"form_fields[name]\" id=\"form-field-name\" class=\"elementor-field elementor-size-xs  elementor-field-textual\" placeholder=\"Nome\">\n\t\t\t\t\t\t\t\t\t\t\t<\/div>\n\t\t\t\t\t\t\t\t<div class=\"elementor-field-type-email elementor-field-group elementor-column elementor-field-group-email elementor-col-100 elementor-field-required\">\n\t\t\t\t\t\t\t\t\t\t\t\t<label for=\"form-field-email\" class=\"elementor-field-label elementor-screen-only\">\n\t\t\t\t\t\t\t\tE-mail\t\t\t\t\t\t\t<\/label>\n\t\t\t\t\t\t\t\t\t\t\t\t\t\t<input size=\"1\" type=\"email\" name=\"form_fields[email]\" id=\"form-field-email\" class=\"elementor-field elementor-size-xs  elementor-field-textual\" placeholder=\"E-mail\" required=\"required\">\n\t\t\t\t\t\t\t\t\t\t\t<\/div>\n\t\t\t\t\t\t\t\t<div class=\"elementor-field-type-textarea elementor-field-group elementor-column elementor-field-group-message elementor-col-100\">\n\t\t\t\t\t\t\t\t\t\t\t\t<label for=\"form-field-message\" class=\"elementor-field-label elementor-screen-only\">\n\t\t\t\t\t\t\t\tMessaggio\t\t\t\t\t\t\t<\/label>\n\t\t\t\t\t\t<textarea class=\"elementor-field-textual elementor-field  elementor-size-xs\" name=\"form_fields[message]\" id=\"form-field-message\" rows=\"5\" placeholder=\"Messaggio\"><\/textarea>\t\t\t\t<\/div>\n\t\t\t\t\t\t\t\t<div class=\"elementor-field-type-acceptance elementor-field-group elementor-column elementor-field-group-field_7ccf029 elementor-col-100 elementor-field-required\">\n\t\t\t\t\t\t\t\t\t\t\t\t<label for=\"form-field-field_7ccf029\" class=\"elementor-field-label elementor-screen-only\">\n\t\t\t\t\t\t\t\tPrivacy Policy\t\t\t\t\t\t\t<\/label>\n\t\t\t\t\t\t\t\t<div class=\"elementor-field-subgroup\">\n\t\t\t<span class=\"elementor-field-option\">\n\t\t\t\t<input type=\"checkbox\" name=\"form_fields[field_7ccf029]\" id=\"form-field-field_7ccf029\" class=\"elementor-field elementor-size-xs  elementor-acceptance-field\" required=\"required\">\n\t\t\t\t<label for=\"form-field-field_7ccf029\">Confermo di aver letto e compreso la <a href=\"https:\/\/17tons.earth\/wp-content\/uploads\/2024\/12\/Policy-privacy-sito-17tons.pdf\" target=\"_blank\">Privacy Policy<\/a><\/label>\t\t\t<\/span>\n\t\t<\/div>\n\t\t\t\t\t\t<\/div>\n\t\t\t\t\t\t\t\t<div class=\"elementor-field-type-recaptcha_v3 elementor-field-group elementor-column elementor-field-group-field_6a547e4 elementor-col-100 recaptcha_v3-bottomright\">\n\t\t\t\t\t<div class=\"elementor-field\" id=\"form-field-field_6a547e4\"><div class=\"elementor-g-recaptcha\" data-sitekey=\"6LcAPmMpAAAAAPZubpk2FZTI768wfFxES6d5ofsC\" data-type=\"v3\" data-action=\"Form\" data-badge=\"bottomright\" data-size=\"invisible\"><\/div><\/div>\t\t\t\t<\/div>\n\t\t\t\t\t\t\t\t<div class=\"elementor-field-group elementor-column elementor-field-type-submit elementor-col-100 e-form__buttons\">\n\t\t\t\t\t<button class=\"elementor-button elementor-size-sm\" type=\"submit\">\n\t\t\t\t\t\t<span class=\"elementor-button-content-wrapper\">\n\t\t\t\t\t\t\t\t\t\t\t\t\t\t\t\t\t\t\t\t\t\t<span class=\"elementor-button-text\">Invia<\/span>\n\t\t\t\t\t\t\t\t\t\t\t\t\t<\/span>\n\t\t\t\t\t<\/button>\n\t\t\t\t<\/div>\n\t\t\t<\/div>\n\t\t<\/form>\n\t\t\t\t\t\t<\/div>\n\t\t\t\t<\/div>\n\t\t\t\t<div class=\"elementor-element elementor-element-82e3b7b elementor-widget elementor-widget-text-editor\" data-id=\"82e3b7b\" data-element_type=\"widget\" data-widget_type=\"text-editor.default\">\n\t\t\t\t<div class=\"elementor-widget-container\">\n\t\t\t\t\t\t\t\t\t<div class=\"row-form text-right\"><p class=\"text-right\" style=\"width: 100%;\">Questo sito \u00e8 protetto da reCAPTCHA e Google: <a title=\"privacy policy Google\" href=\"https:\/\/policies.google.com\/privacy\" target=\"_blank\" rel=\"noopener\" data-cmp-ab=\"2\"><span class=\"underline\">privacy policy<\/span><\/a> e <a title=\"termini del servizio Google\" href=\"https:\/\/policies.google.com\/terms\" target=\"_blank\" rel=\"noopener\" data-cmp-ab=\"2\"><span class=\"underline\">terms of service<\/span><\/a>.<\/p><\/div>\t\t\t\t\t\t\t\t<\/div>\n\t\t\t\t<\/div>\n\t\t\t\t<div class=\"elementor-element elementor-element-4b592661 elementor-hidden-desktop elementor-hidden-tablet elementor-hidden-mobile elementor-widget elementor-widget-image\" data-id=\"4b592661\" data-element_type=\"widget\" data-widget_type=\"image.default\">\n\t\t\t\t<div class=\"elementor-widget-container\">\n\t\t\t\t\t\t\t\t\t\t\t\t\t\t\t<img decoding=\"async\" width=\"717\" height=\"153\" src=\"https:\/\/17tons.earth\/wp-content\/uploads\/2023\/12\/lastLabel.png\" class=\"attachment-large size-large wp-image-4066\" alt=\"\" srcset=\"https:\/\/17tons.earth\/wp-content\/uploads\/2023\/12\/lastLabel.png 717w, https:\/\/17tons.earth\/wp-content\/uploads\/2023\/12\/lastLabel-300x64.png 300w\" sizes=\"(max-width: 717px) 100vw, 717px\" \/>\t\t\t\t\t\t\t\t\t\t\t\t\t\t\t<\/div>\n\t\t\t\t<\/div>\n\t\t\t\t\t<\/div>\n\t\t\t\t<\/div>\n\t\t\t\t\t<\/div>\n\t\t\t\t<\/div>\n\t\t\t\t\t<\/div>\n\t\t\t\t<\/div>\n\t\t\t\t<\/div>\n\t\t","protected":false},"excerpt":{"rendered":"<p>Contattaci Contattaci Che tu stia cercando una nuova sfida professionale, un partner tecnologico o una soluzione per monitorare il tuo progetto ambientale, raccontaci in poche righe chi sei e cosa ti serve: il team di 17tons ti risponder\u00e0 al pi\u00f9 presto. Questo sito \u00e8 protetto da reCAPTCHA e Google: privacy policy e terms of service.<\/p>\n","protected":false},"author":13,"featured_media":0,"parent":0,"menu_order":100,"comment_status":"closed","ping_status":"closed","template":"","meta":{"inline_featured_image":false,"footnotes":""},"class_list":["post-4270","page","type-page","status-publish","hentry"],"yoast_head":"<!-- This site is optimized with the Yoast SEO plugin v25.6 - https:\/\/yoast.com\/wordpress\/plugins\/seo\/ -->\n<title>Contattaci &#8226; 17tons<\/title>\n<meta name=\"robots\" content=\"noindex, nofollow\" \/>\n<meta property=\"og:locale\" content=\"it_IT\" \/>\n<meta property=\"og:type\" content=\"article\" \/>\n<meta property=\"og:title\" content=\"Contattaci &#8226; 17tons\" \/>\n<meta property=\"og:description\" content=\"Contattaci Contattaci Che tu stia cercando una nuova sfida professionale, un partner tecnologico o una soluzione per monitorare il tuo progetto ambientale, raccontaci in poche righe chi sei e cosa ti serve: il team di 17tons ti risponder\u00e0 al pi\u00f9 presto. Questo sito \u00e8 protetto da reCAPTCHA e Google: privacy policy e terms of service.\" \/>\n<meta property=\"og:url\" content=\"https:\/\/17tons.earth\/it\/contact-us\/\" \/>\n<meta property=\"og:site_name\" content=\"17tons\" \/>\n<meta property=\"article:modified_time\" content=\"2025-08-26T09:03:38+00:00\" \/>\n<meta property=\"og:image\" content=\"https:\/\/17tons.earth\/wp-content\/uploads\/2023\/12\/lastLabel.png\" \/>\n\t<meta property=\"og:image:width\" content=\"717\" \/>\n\t<meta property=\"og:image:height\" content=\"153\" \/>\n\t<meta property=\"og:image:type\" content=\"image\/png\" \/>\n<meta name=\"twitter:card\" content=\"summary_large_image\" \/>\n<meta name=\"twitter:site\" content=\"@17tonsEarth\" \/>\n<meta name=\"twitter:label1\" content=\"Tempo di lettura stimato\" \/>\n\t<meta name=\"twitter:data1\" content=\"1 minuto\" \/>\n<script type=\"application\/ld+json\" class=\"yoast-schema-graph\">{\"@context\":\"https:\/\/schema.org\",\"@graph\":[{\"@type\":\"WebPage\",\"@id\":\"https:\/\/17tons.earth\/it\/contact-us\/\",\"url\":\"https:\/\/17tons.earth\/it\/contact-us\/\",\"name\":\"Contattaci &#8226; 17tons\",\"isPartOf\":{\"@id\":\"https:\/\/17tons.earth\/it\/#website\"},\"primaryImageOfPage\":{\"@id\":\"https:\/\/17tons.earth\/it\/contact-us\/#primaryimage\"},\"image\":{\"@id\":\"https:\/\/17tons.earth\/it\/contact-us\/#primaryimage\"},\"thumbnailUrl\":\"https:\/\/17tons.earth\/wp-content\/uploads\/2023\/12\/lastLabel.png\",\"datePublished\":\"2024-01-16T17:08:28+00:00\",\"dateModified\":\"2025-08-26T09:03:38+00:00\",\"breadcrumb\":{\"@id\":\"https:\/\/17tons.earth\/it\/contact-us\/#breadcrumb\"},\"inLanguage\":\"it-IT\",\"potentialAction\":[{\"@type\":\"ReadAction\",\"target\":[\"https:\/\/17tons.earth\/it\/contact-us\/\"]}]},{\"@type\":\"ImageObject\",\"inLanguage\":\"it-IT\",\"@id\":\"https:\/\/17tons.earth\/it\/contact-us\/#primaryimage\",\"url\":\"https:\/\/17tons.earth\/wp-content\/uploads\/2023\/12\/lastLabel.png\",\"contentUrl\":\"https:\/\/17tons.earth\/wp-content\/uploads\/2023\/12\/lastLabel.png\"},{\"@type\":\"BreadcrumbList\",\"@id\":\"https:\/\/17tons.earth\/it\/contact-us\/#breadcrumb\",\"itemListElement\":[{\"@type\":\"ListItem\",\"position\":1,\"name\":\"17tons\",\"item\":\"https:\/\/17tons.earth\/it\/17tons\/\"},{\"@type\":\"ListItem\",\"position\":2,\"name\":\"Contattaci\"}]},{\"@type\":\"WebSite\",\"@id\":\"https:\/\/17tons.earth\/it\/#website\",\"url\":\"https:\/\/17tons.earth\/it\/\",\"name\":\"17tons\",\"description\":\"proof of value\",\"publisher\":{\"@id\":\"https:\/\/17tons.earth\/it\/#organization\"},\"potentialAction\":[{\"@type\":\"SearchAction\",\"target\":{\"@type\":\"EntryPoint\",\"urlTemplate\":\"https:\/\/17tons.earth\/it\/?s={search_term_string}\"},\"query-input\":{\"@type\":\"PropertyValueSpecification\",\"valueRequired\":true,\"valueName\":\"search_term_string\"}}],\"inLanguage\":\"it-IT\"},{\"@type\":\"Organization\",\"@id\":\"https:\/\/17tons.earth\/it\/#organization\",\"name\":\"17tons\",\"url\":\"https:\/\/17tons.earth\/it\/\",\"logo\":{\"@type\":\"ImageObject\",\"inLanguage\":\"it-IT\",\"@id\":\"https:\/\/17tons.earth\/it\/#\/schema\/logo\/image\/\",\"url\":\"https:\/\/17tons.earth\/wp-content\/uploads\/2023\/10\/cropped-17-tons-logo.png\",\"contentUrl\":\"https:\/\/17tons.earth\/wp-content\/uploads\/2023\/10\/cropped-17-tons-logo.png\",\"width\":500,\"height\":150,\"caption\":\"17tons\"},\"image\":{\"@id\":\"https:\/\/17tons.earth\/it\/#\/schema\/logo\/image\/\"},\"sameAs\":[\"https:\/\/x.com\/17tonsEarth\",\"https:\/\/www.linkedin.com\/company\/17tons\/\"]}]}<\/script>\n<!-- \/ Yoast SEO plugin. -->","yoast_head_json":{"title":"Contattaci &#8226; 17tons","robots":{"index":"noindex","follow":"nofollow"},"og_locale":"it_IT","og_type":"article","og_title":"Contattaci &#8226; 17tons","og_description":"Contattaci Contattaci Che tu stia cercando una nuova sfida professionale, un partner tecnologico o una soluzione per monitorare il tuo progetto ambientale, raccontaci in poche righe chi sei e cosa ti serve: il team di 17tons ti risponder\u00e0 al pi\u00f9 presto. Questo sito \u00e8 protetto da reCAPTCHA e Google: privacy policy e terms of service.","og_url":"https:\/\/17tons.earth\/it\/contact-us\/","og_site_name":"17tons","article_modified_time":"2025-08-26T09:03:38+00:00","og_image":[{"width":717,"height":153,"url":"https:\/\/17tons.earth\/wp-content\/uploads\/2023\/12\/lastLabel.png","type":"image\/png"}],"twitter_card":"summary_large_image","twitter_site":"@17tonsEarth","twitter_misc":{"Tempo di lettura stimato":"1 minuto"},"schema":{"@context":"https:\/\/schema.org","@graph":[{"@type":"WebPage","@id":"https:\/\/17tons.earth\/it\/contact-us\/","url":"https:\/\/17tons.earth\/it\/contact-us\/","name":"Contattaci &#8226; 17tons","isPartOf":{"@id":"https:\/\/17tons.earth\/it\/#website"},"primaryImageOfPage":{"@id":"https:\/\/17tons.earth\/it\/contact-us\/#primaryimage"},"image":{"@id":"https:\/\/17tons.earth\/it\/contact-us\/#primaryimage"},"thumbnailUrl":"https:\/\/17tons.earth\/wp-content\/uploads\/2023\/12\/lastLabel.png","datePublished":"2024-01-16T17:08:28+00:00","dateModified":"2025-08-26T09:03:38+00:00","breadcrumb":{"@id":"https:\/\/17tons.earth\/it\/contact-us\/#breadcrumb"},"inLanguage":"it-IT","potentialAction":[{"@type":"ReadAction","target":["https:\/\/17tons.earth\/it\/contact-us\/"]}]},{"@type":"ImageObject","inLanguage":"it-IT","@id":"https:\/\/17tons.earth\/it\/contact-us\/#primaryimage","url":"https:\/\/17tons.earth\/wp-content\/uploads\/2023\/12\/lastLabel.png","contentUrl":"https:\/\/17tons.earth\/wp-content\/uploads\/2023\/12\/lastLabel.png"},{"@type":"BreadcrumbList","@id":"https:\/\/17tons.earth\/it\/contact-us\/#breadcrumb","itemListElement":[{"@type":"ListItem","position":1,"name":"17tons","item":"https:\/\/17tons.earth\/it\/17tons\/"},{"@type":"ListItem","position":2,"name":"Contattaci"}]},{"@type":"WebSite","@id":"https:\/\/17tons.earth\/it\/#website","url":"https:\/\/17tons.earth\/it\/","name":"17tons","description":"proof of value","publisher":{"@id":"https:\/\/17tons.earth\/it\/#organization"},"potentialAction":[{"@type":"SearchAction","target":{"@type":"EntryPoint","urlTemplate":"https:\/\/17tons.earth\/it\/?s={search_term_string}"},"query-input":{"@type":"PropertyValueSpecification","valueRequired":true,"valueName":"search_term_string"}}],"inLanguage":"it-IT"},{"@type":"Organization","@id":"https:\/\/17tons.earth\/it\/#organization","name":"17tons","url":"https:\/\/17tons.earth\/it\/","logo":{"@type":"ImageObject","inLanguage":"it-IT","@id":"https:\/\/17tons.earth\/it\/#\/schema\/logo\/image\/","url":"https:\/\/17tons.earth\/wp-content\/uploads\/2023\/10\/cropped-17-tons-logo.png","contentUrl":"https:\/\/17tons.earth\/wp-content\/uploads\/2023\/10\/cropped-17-tons-logo.png","width":500,"height":150,"caption":"17tons"},"image":{"@id":"https:\/\/17tons.earth\/it\/#\/schema\/logo\/image\/"},"sameAs":["https:\/\/x.com\/17tonsEarth","https:\/\/www.linkedin.com\/company\/17tons\/"]}]}},"_links":{"self":[{"href":"https:\/\/17tons.earth\/it\/wp-json\/wp\/v2\/pages\/4270","targetHints":{"allow":["GET"]}}],"collection":[{"href":"https:\/\/17tons.earth\/it\/wp-json\/wp\/v2\/pages"}],"about":[{"href":"https:\/\/17tons.earth\/it\/wp-json\/wp\/v2\/types\/page"}],"author":[{"embeddable":true,"href":"https:\/\/17tons.earth\/it\/wp-json\/wp\/v2\/users\/13"}],"replies":[{"embeddable":true,"href":"https:\/\/17tons.earth\/it\/wp-json\/wp\/v2\/comments?post=4270"}],"version-history":[{"count":23,"href":"https:\/\/17tons.earth\/it\/wp-json\/wp\/v2\/pages\/4270\/revisions"}],"predecessor-version":[{"id":8631,"href":"https:\/\/17tons.earth\/it\/wp-json\/wp\/v2\/pages\/4270\/revisions\/8631"}],"wp:attachment":[{"href":"https:\/\/17tons.earth\/it\/wp-json\/wp\/v2\/media?parent=4270"}],"curies":[{"name":"wp","href":"https:\/\/api.w.org\/{rel}","templated":true}]}}